{"id":563,"date":"2025-09-19T08:12:15","date_gmt":"2025-09-19T08:12:15","guid":{"rendered":"https:\/\/lied.ipt.pt\/?page_id=563"},"modified":"2025-09-19T08:12:16","modified_gmt":"2025-09-19T08:12:16","slug":"objetivos","status":"publish","type":"page","link":"https:\/\/lied.ipt.pt\/index.php\/pt\/objetivos\/","title":{"rendered":"Objetivos"},"content":{"rendered":"\n<p>Os objetivos do LIED s\u00e3o os seguintes:<\/p>\n\n\n\n<ul class=\"wp-block-list\">\n<li>Apoio ao desenvolvimento de forma\u00e7\u00e3o a dist\u00e2ncia de forma inovadora, recorrendo ao uso das tecnologias de informa\u00e7\u00e3o e comunica\u00e7\u00e3o;<\/li>\n\n\n\n<li>Apoio e desenvolvimento de conte\u00fados para ensino a dist\u00e2ncia e de cursos online abertos (MOOC &#8211; Massive Open Online Course);<\/li>\n\n\n\n<li>Promover a investiga\u00e7\u00e3o em educa\u00e7\u00e3o a dist\u00e2ncia, colaborando com investigadores de institui\u00e7\u00f5es nacionais e internacionais;<\/li>\n\n\n\n<li>Desenvolver e participar em projetos de inova\u00e7\u00e3o pedag\u00f3gica e de novas metodologias de aprendizagem;<\/li>\n\n\n\n<li>Fomentar a aprendizagem em ambiente colaborativo;<\/li>\n\n\n\n<li>Fornecer solu\u00e7\u00f5es e servi\u00e7os especializados \u00e0 comunidade no \u00e2mbito da inova\u00e7\u00e3o pedag\u00f3gica e da educa\u00e7\u00e3o \u00e0 dist\u00e2ncia;<\/li>\n\n\n\n<li>Estimular o desenvolvimento das compet\u00eancias acad\u00e9micas de docentes;<\/li>\n\n\n\n<li>Promover a investiga\u00e7\u00e3o e a forma\u00e7\u00e3o atrav\u00e9s de eventos e publica\u00e7\u00f5es de car\u00e1cter cient\u00edfico e t\u00e9cnico.<\/li>\n<\/ul>\n\n\n\n<div style=\"height:60px\" aria-hidden=\"true\" class=\"wp-block-spacer\"><\/div>\n\n\n\n<h5 class=\"wp-block-heading\">Objetivos de Desenvolvimento Sustent\u00e1vel<\/h5>\n\n\n\n<figure class=\"wp-block-image size-full\"><img loading=\"lazy\" decoding=\"async\" width=\"850\" height=\"149\" src=\"https:\/\/lied.ipt.pt\/wp-content\/uploads\/2025\/07\/Imagem1.jpg\" alt=\"\" class=\"wp-image-148\" srcset=\"https:\/\/lied.ipt.pt\/wp-content\/uploads\/2025\/07\/Imagem1.jpg 850w, https:\/\/lied.ipt.pt\/wp-content\/uploads\/2025\/07\/Imagem1-300x53.jpg 300w, https:\/\/lied.ipt.pt\/wp-content\/uploads\/2025\/07\/Imagem1-768x135.jpg 768w\" sizes=\"auto, (max-width: 850px) 100vw, 850px\" \/><\/figure>\n","protected":false},"excerpt":{"rendered":"<p>Os objetivos do LIED s\u00e3o os seguintes: Objetivos de Desenvolvimento Sustent\u00e1vel<\/p>\n","protected":false},"author":2,"featured_media":0,"parent":0,"menu_order":0,"comment_status":"closed","ping_status":"closed","template":"","meta":{"footnotes":""},"class_list":["post-563","page","type-page","status-publish","hentry"],"_links":{"self":[{"href":"https:\/\/lied.ipt.pt\/index.php\/wp-json\/wp\/v2\/pages\/563","targetHints":{"allow":["GET"]}}],"collection":[{"href":"https:\/\/lied.ipt.pt\/index.php\/wp-json\/wp\/v2\/pages"}],"about":[{"href":"https:\/\/lied.ipt.pt\/index.php\/wp-json\/wp\/v2\/types\/page"}],"author":[{"embeddable":true,"href":"https:\/\/lied.ipt.pt\/index.php\/wp-json\/wp\/v2\/users\/2"}],"replies":[{"embeddable":true,"href":"https:\/\/lied.ipt.pt\/index.php\/wp-json\/wp\/v2\/comments?post=563"}],"version-history":[{"count":1,"href":"https:\/\/lied.ipt.pt\/index.php\/wp-json\/wp\/v2\/pages\/563\/revisions"}],"predecessor-version":[{"id":564,"href":"https:\/\/lied.ipt.pt\/index.php\/wp-json\/wp\/v2\/pages\/563\/revisions\/564"}],"wp:attachment":[{"href":"https:\/\/lied.ipt.pt\/index.php\/wp-json\/wp\/v2\/media?parent=563"}],"curies":[{"name":"wp","href":"https:\/\/api.w.org\/{rel}","templated":true}]}}