{"id":567,"date":"2025-09-19T08:14:55","date_gmt":"2025-09-19T08:14:55","guid":{"rendered":"https:\/\/lied.ipt.pt\/?page_id=567"},"modified":"2025-09-19T08:14:56","modified_gmt":"2025-09-19T08:14:56","slug":"destinatarios","status":"publish","type":"page","link":"https:\/\/lied.ipt.pt\/index.php\/pt\/destinatarios\/","title":{"rendered":"Destinat\u00e1rios"},"content":{"rendered":"\n<h5 class=\"wp-block-heading\">Destinat\u00e1rios dos Servi\u00e7os<\/h5>\n\n\n\n<p>As atividades do LIED destinam-se a diferentes p\u00fablicos, com a\u00e7\u00f5es espec\u00edficas para a comunidade do Instituto Polit\u00e9cnico de Tomar (IPT) e para entidades externas.<\/p>\n\n\n\n<div style=\"height:60px\" aria-hidden=\"true\" class=\"wp-block-spacer\"><\/div>\n\n\n\n<p><strong>Para a Comunidade IPT<\/strong><\/p>\n\n\n\n<p>O LIED apoia a comunidade acad\u00e9mica do IPT atrav\u00e9s de:<\/p>\n\n\n\n<ul class=\"wp-block-list\">\n<li>Apoio ao desenvolvimento de oferta formativa em regime de e-learning \/ b-learning;<\/li>\n\n\n\n<li>Disponibiliza\u00e7\u00e3o de plataformas e ferramentas;<\/li>\n\n\n\n<li>Forma\u00e7\u00e3o de docentes;<\/li>\n\n\n\n<li>Promo\u00e7\u00e3o de eventos t\u00e9cnicos e cient\u00edficos.<\/li>\n<\/ul>\n\n\n\n<p class=\"has-text-align-left\"><strong>Recursos exclusivos para a comunidade IPT<\/strong><\/p>\n\n\n\n<p class=\"has-text-align-left\">Acesso a tutoriais e materiais de apoio no <a href=\"https:\/\/bit.ly\/2VtK3F5\">SharePoint IPT<\/a><\/p>\n\n\n\n<p>Envie d\u00favidas ou sugest\u00f5es sobre recursos tecnol\u00f3gicos e ferramentas colaborativas de apoio ao ensino a dist\u00e2ncia para: <a href=\"mailto:lied@ipt.pt\">lied@ipt.pt<\/a><\/p>\n\n\n\n<div style=\"height:43px\" aria-hidden=\"true\" class=\"wp-block-spacer\"><\/div>\n\n\n\n<p><strong>Para Entidades Externas<\/strong><\/p>\n\n\n\n<p>O LIED disponibiliza servi\u00e7os especializados de consultoria e forma\u00e7\u00e3o para institui\u00e7\u00f5es externas, nomeadamente:<\/p>\n\n\n\n<ul class=\"wp-block-list\">\n<li>Forma\u00e7\u00e3o e capacita\u00e7\u00e3o de docentes externos;<\/li>\n\n\n\n<li>Desenho de estrat\u00e9gias de aprendizagem adaptadas a diferentes contextos educativos;<\/li>\n\n\n\n<li>Realiza\u00e7\u00e3o de estudos e pareceres t\u00e9cnicos.<\/li>\n<\/ul>\n\n\n\n<div style=\"height:60px\" aria-hidden=\"true\" class=\"wp-block-spacer\"><\/div>\n\n\n\n<p><strong>Portfolio de tutoriais e recursos dispon\u00edveis no nosso canal YouTube<\/strong>. <a href=\"https:\/\/rb.gy\/uhtvd4\">Aceda aqui<\/a><\/p>\n\n\n\n<div style=\"height:60px\" aria-hidden=\"true\" class=\"wp-block-spacer\"><\/div>\n\n\n\n<p>Consulte aqui o<strong> Regulamento do LIED<\/strong> para conhecer as normas de funcionamento, os princ\u00edpios orientadores e os crit\u00e9rios de atua\u00e7\u00e3o do laborat\u00f3rio.<\/p>\n","protected":false},"excerpt":{"rendered":"<p>Destinat\u00e1rios dos Servi\u00e7os As atividades do LIED destinam-se a diferentes p\u00fablicos, com a\u00e7\u00f5es espec\u00edficas para a comunidade do Instituto Polit\u00e9cnico de Tomar (IPT) e para entidades externas. Para a Comunidade IPT O LIED apoia a comunidade acad\u00e9mica do IPT atrav\u00e9s de: Recursos exclusivos para a comunidade IPT Acesso a tutoriais [&hellip;]<\/p>\n","protected":false},"author":2,"featured_media":0,"parent":0,"menu_order":0,"comment_status":"closed","ping_status":"closed","template":"","meta":{"footnotes":""},"class_list":["post-567","page","type-page","status-publish","hentry"],"_links":{"self":[{"href":"https:\/\/lied.ipt.pt\/index.php\/wp-json\/wp\/v2\/pages\/567","targetHints":{"allow":["GET"]}}],"collection":[{"href":"https:\/\/lied.ipt.pt\/index.php\/wp-json\/wp\/v2\/pages"}],"about":[{"href":"https:\/\/lied.ipt.pt\/index.php\/wp-json\/wp\/v2\/types\/page"}],"author":[{"embeddable":true,"href":"https:\/\/lied.ipt.pt\/index.php\/wp-json\/wp\/v2\/users\/2"}],"replies":[{"embeddable":true,"href":"https:\/\/lied.ipt.pt\/index.php\/wp-json\/wp\/v2\/comments?post=567"}],"version-history":[{"count":1,"href":"https:\/\/lied.ipt.pt\/index.php\/wp-json\/wp\/v2\/pages\/567\/revisions"}],"predecessor-version":[{"id":569,"href":"https:\/\/lied.ipt.pt\/index.php\/wp-json\/wp\/v2\/pages\/567\/revisions\/569"}],"wp:attachment":[{"href":"https:\/\/lied.ipt.pt\/index.php\/wp-json\/wp\/v2\/media?parent=567"}],"curies":[{"name":"wp","href":"https:\/\/api.w.org\/{rel}","templated":true}]}}