{"id":77,"date":"2025-07-28T16:00:04","date_gmt":"2025-07-28T16:00:04","guid":{"rendered":"https:\/\/lied.ipt.pt\/?page_id=77"},"modified":"2025-07-30T13:50:31","modified_gmt":"2025-07-30T13:50:31","slug":"eixos","status":"publish","type":"page","link":"https:\/\/lied.ipt.pt\/index.php\/pt\/eixos\/","title":{"rendered":"Eixos Estrat\u00e9gicos"},"content":{"rendered":"\n<p>As atividades do LIED desenvolvem-se em torno de quatro eixos estrat\u00e9gicos fundamentais, que orientam a sua miss\u00e3o de promover a qualidade, a inova\u00e7\u00e3o e a investiga\u00e7\u00e3o no ensino a dist\u00e2ncia.<\/p>\n\n\n\n<div style=\"height:45px\" aria-hidden=\"true\" class=\"wp-block-spacer\"><\/div>\n\n\n\n<h5 class=\"wp-block-heading\">1. Ensino a dist\u00e2ncia:<\/h5>\n\n\n\n<ul class=\"wp-block-list\">\n<li>Apoio ao desenvolvimento de oferta formativa em regime de <em>e-learning<\/em> \/ <em>b-learning<\/em>;<\/li>\n\n\n\n<li>Disponibiliza\u00e7\u00e3o de plataformas e Ferramentas;<\/li>\n\n\n\n<li>Cria\u00e7\u00e3o de MOOC&#8217;s (<em>Massive Open Online Courses<\/em>);<\/li>\n\n\n\n<li>Cria\u00e7\u00e3o Conte\u00fados.<\/li>\n<\/ul>\n\n\n\n<h5 class=\"wp-block-heading\">2. Inova\u00e7\u00e3o Pedag\u00f3gica:<\/h5>\n\n\n\n<ul class=\"wp-block-list\">\n<li>Forma\u00e7\u00e3o de Docentes;<\/li>\n\n\n\n<li>Promo\u00e7\u00e3o de eventos t\u00e9cnicos e cient\u00edficos.<\/li>\n<\/ul>\n\n\n\n<h5 class=\"wp-block-heading\">3. Investiga\u00e7\u00e3o e Coopera\u00e7\u00e3o:<\/h5>\n\n\n\n<ul class=\"wp-block-list\">\n<li>Participa\u00e7\u00e3o em projetos e parcerias nacionais e internacionais;<\/li>\n\n\n\n<li>Investiga\u00e7\u00e3o e Publica\u00e7\u00f5es.<\/li>\n<\/ul>\n\n\n\n<h5 class=\"wp-block-heading\">4. Servi\u00e7os e Consultoria:<\/h5>\n\n\n\n<ul class=\"wp-block-list\">\n<li>Forma\u00e7\u00e3o a Docentes Externos;<\/li>\n\n\n\n<li>Desenho de Estrat\u00e9gias de Aprendizagem;<\/li>\n\n\n\n<li>Estudos.<\/li>\n<\/ul>\n\n\n\n<p><\/p>\n","protected":false},"excerpt":{"rendered":"<p>As atividades do LIED desenvolvem-se em torno de quatro eixos estrat\u00e9gicos fundamentais, que orientam a sua miss\u00e3o de promover a qualidade, a inova\u00e7\u00e3o e a investiga\u00e7\u00e3o no ensino a dist\u00e2ncia. 1. Ensino a dist\u00e2ncia: 2. Inova\u00e7\u00e3o Pedag\u00f3gica: 3. Investiga\u00e7\u00e3o e Coopera\u00e7\u00e3o: 4. Servi\u00e7os e Consultoria:<\/p>\n","protected":false},"author":2,"featured_media":0,"parent":0,"menu_order":0,"comment_status":"closed","ping_status":"closed","template":"","meta":{"footnotes":""},"class_list":["post-77","page","type-page","status-publish","hentry"],"_links":{"self":[{"href":"https:\/\/lied.ipt.pt\/index.php\/wp-json\/wp\/v2\/pages\/77","targetHints":{"allow":["GET"]}}],"collection":[{"href":"https:\/\/lied.ipt.pt\/index.php\/wp-json\/wp\/v2\/pages"}],"about":[{"href":"https:\/\/lied.ipt.pt\/index.php\/wp-json\/wp\/v2\/types\/page"}],"author":[{"embeddable":true,"href":"https:\/\/lied.ipt.pt\/index.php\/wp-json\/wp\/v2\/users\/2"}],"replies":[{"embeddable":true,"href":"https:\/\/lied.ipt.pt\/index.php\/wp-json\/wp\/v2\/comments?post=77"}],"version-history":[{"count":8,"href":"https:\/\/lied.ipt.pt\/index.php\/wp-json\/wp\/v2\/pages\/77\/revisions"}],"predecessor-version":[{"id":361,"href":"https:\/\/lied.ipt.pt\/index.php\/wp-json\/wp\/v2\/pages\/77\/revisions\/361"}],"wp:attachment":[{"href":"https:\/\/lied.ipt.pt\/index.php\/wp-json\/wp\/v2\/media?parent=77"}],"curies":[{"name":"wp","href":"https:\/\/api.w.org\/{rel}","templated":true}]}}