{"id":81,"date":"2025-07-28T16:00:50","date_gmt":"2025-07-28T16:00:50","guid":{"rendered":"https:\/\/lied.ipt.pt\/?page_id=81"},"modified":"2026-01-09T10:35:47","modified_gmt":"2026-01-09T10:35:47","slug":"equipa","status":"publish","type":"page","link":"https:\/\/lied.ipt.pt\/index.php\/pt\/equipa\/","title":{"rendered":"Equipa"},"content":{"rendered":"\n<div class=\"wp-block-group\"><div class=\"wp-block-group__inner-container is-layout-constrained wp-block-group-is-layout-constrained\">\n<div class=\"wp-block-group\"><div class=\"wp-block-group__inner-container is-layout-constrained wp-block-group-is-layout-constrained\">\n<div class=\"wp-block-columns is-layout-flex wp-container-core-columns-is-layout-28f84493 wp-block-columns-is-layout-flex\">\n<div class=\"wp-block-column is-layout-flow wp-block-column-is-layout-flow\" style=\"flex-basis:100%\">\n<p>A equipa do LIED \u00e9 composta por profissionais com compet\u00eancias diversificadas nas \u00e1reas da educa\u00e7\u00e3o, tecnologia e inova\u00e7\u00e3o pedag\u00f3gica. A sua estrutura organiza-se em diferentes n\u00edveis de responsabilidade e colabora\u00e7\u00e3o, assegurando uma atua\u00e7\u00e3o eficaz e articulada.<\/p>\n\n\n\n<div style=\"height:60px\" aria-hidden=\"true\" class=\"wp-block-spacer\"><\/div>\n\n\n\n<h5 class=\"wp-block-heading\">Diretor<\/h5>\n\n\n\n<div class=\"wp-block-columns is-layout-flex wp-container-core-columns-is-layout-28f84493 wp-block-columns-is-layout-flex\">\n<div class=\"wp-block-column is-layout-flow wp-block-column-is-layout-flow\"><div class=\"wp-block-image redondo is-style-rounded\">\n<figure class=\"aligncenter size-full is-resized\"><img loading=\"lazy\" decoding=\"async\" width=\"2072\" height=\"2072\" src=\"https:\/\/lied.ipt.pt\/wp-content\/uploads\/2025\/07\/65a6b4f481ed7_DJ5A0488-FULL-1.jpg\" alt=\"\" class=\"wp-image-423\" style=\"width:150px\" srcset=\"https:\/\/lied.ipt.pt\/wp-content\/uploads\/2025\/07\/65a6b4f481ed7_DJ5A0488-FULL-1.jpg 2072w, https:\/\/lied.ipt.pt\/wp-content\/uploads\/2025\/07\/65a6b4f481ed7_DJ5A0488-FULL-1-300x300.jpg 300w, https:\/\/lied.ipt.pt\/wp-content\/uploads\/2025\/07\/65a6b4f481ed7_DJ5A0488-FULL-1-1024x1024.jpg 1024w, https:\/\/lied.ipt.pt\/wp-content\/uploads\/2025\/07\/65a6b4f481ed7_DJ5A0488-FULL-1-150x150.jpg 150w, https:\/\/lied.ipt.pt\/wp-content\/uploads\/2025\/07\/65a6b4f481ed7_DJ5A0488-FULL-1-768x768.jpg 768w, https:\/\/lied.ipt.pt\/wp-content\/uploads\/2025\/07\/65a6b4f481ed7_DJ5A0488-FULL-1-1536x1536.jpg 1536w, https:\/\/lied.ipt.pt\/wp-content\/uploads\/2025\/07\/65a6b4f481ed7_DJ5A0488-FULL-1-2048x2048.jpg 2048w\" sizes=\"auto, (max-width: 2072px) 100vw, 2072px\" \/><figcaption class=\"wp-element-caption\"><a href=\"https:\/\/portal2.ipt.pt\/previewPerfil.php?id=34\">C\u00e9lio Gon\u00e7alo Marques<\/a><\/figcaption><\/figure>\n<\/div><\/div>\n\n\n\n<div class=\"wp-block-column is-layout-flow wp-block-column-is-layout-flow\"><\/div>\n\n\n\n<div class=\"wp-block-column is-layout-flow wp-block-column-is-layout-flow\" style=\"border-style:none;border-width:0px;padding-top:0;padding-bottom:0\"><\/div>\n<\/div>\n<\/div>\n<\/div>\n<\/div><\/div>\n<\/div><\/div>\n\n\n\n<div style=\"height:60px\" aria-hidden=\"true\" class=\"wp-block-spacer\"><\/div>\n\n\n\n<p><\/p>\n\n\n\n<h5 class=\"wp-block-heading\">Membros Integrados<\/h5>\n\n\n\n<div class=\"wp-block-columns is-layout-flex wp-container-core-columns-is-layout-28f84493 wp-block-columns-is-layout-flex\">\n<div class=\"wp-block-column is-layout-flow wp-block-column-is-layout-flow\"><div class=\"wp-block-image is-style-rounded\">\n<figure class=\"aligncenter size-full is-resized\"><img loading=\"lazy\" decoding=\"async\" width=\"431\" height=\"431\" src=\"https:\/\/lied.ipt.pt\/wp-content\/uploads\/2025\/07\/foto.dd5b6891e867c4f0ec279f1727284d7a.png\" alt=\"\" class=\"wp-image-487\" style=\"width:150px\" srcset=\"https:\/\/lied.ipt.pt\/wp-content\/uploads\/2025\/07\/foto.dd5b6891e867c4f0ec279f1727284d7a.png 431w, https:\/\/lied.ipt.pt\/wp-content\/uploads\/2025\/07\/foto.dd5b6891e867c4f0ec279f1727284d7a-300x300.png 300w, https:\/\/lied.ipt.pt\/wp-content\/uploads\/2025\/07\/foto.dd5b6891e867c4f0ec279f1727284d7a-150x150.png 150w\" sizes=\"auto, (max-width: 431px) 100vw, 431px\" \/><figcaption class=\"wp-element-caption\"><a href=\"https:\/\/portal2.ipt.pt\/previewPerfil.php?id=33\">Ana Nata<\/a><\/figcaption><\/figure>\n<\/div><\/div>\n\n\n\n<div class=\"wp-block-column is-layout-flow wp-block-column-is-layout-flow\"><div class=\"wp-block-image redondo is-style-rounded\">\n<figure class=\"aligncenter size-full is-resized\"><img loading=\"lazy\" decoding=\"async\" width=\"491\" height=\"491\" src=\"https:\/\/lied.ipt.pt\/wp-content\/uploads\/2025\/07\/65aeb039a7663_WhatsApp-Image-2024-01-22-at-18.03.00.jpeg\" alt=\"\" class=\"wp-image-424\" style=\"width:150px\" srcset=\"https:\/\/lied.ipt.pt\/wp-content\/uploads\/2025\/07\/65aeb039a7663_WhatsApp-Image-2024-01-22-at-18.03.00.jpeg 491w, https:\/\/lied.ipt.pt\/wp-content\/uploads\/2025\/07\/65aeb039a7663_WhatsApp-Image-2024-01-22-at-18.03.00-300x300.jpeg 300w, https:\/\/lied.ipt.pt\/wp-content\/uploads\/2025\/07\/65aeb039a7663_WhatsApp-Image-2024-01-22-at-18.03.00-150x150.jpeg 150w\" sizes=\"auto, (max-width: 491px) 100vw, 491px\" \/><figcaption class=\"wp-element-caption\"><a href=\"https:\/\/portal2.ipt.pt\/previewPerfil.php?id=164\">Ant\u00f3nio Manso<\/a><\/figcaption><\/figure>\n<\/div><\/div>\n\n\n\n<div class=\"wp-block-column is-layout-flow wp-block-column-is-layout-flow\"><div class=\"wp-block-image is-style-rounded\">\n<figure class=\"aligncenter size-full is-resized\"><img loading=\"lazy\" decoding=\"async\" width=\"988\" height=\"988\" src=\"https:\/\/lied.ipt.pt\/wp-content\/uploads\/2025\/07\/65aeeda1b35e9_IMG_7917.jpg\" alt=\"\" class=\"wp-image-425\" style=\"width:150px\" srcset=\"https:\/\/lied.ipt.pt\/wp-content\/uploads\/2025\/07\/65aeeda1b35e9_IMG_7917.jpg 988w, https:\/\/lied.ipt.pt\/wp-content\/uploads\/2025\/07\/65aeeda1b35e9_IMG_7917-300x300.jpg 300w, https:\/\/lied.ipt.pt\/wp-content\/uploads\/2025\/07\/65aeeda1b35e9_IMG_7917-150x150.jpg 150w, https:\/\/lied.ipt.pt\/wp-content\/uploads\/2025\/07\/65aeeda1b35e9_IMG_7917-768x768.jpg 768w\" sizes=\"auto, (max-width: 988px) 100vw, 988px\" \/><figcaption class=\"wp-element-caption\"><a href=\"https:\/\/portal2.ipt.pt\/previewPerfil.php?id=170\">H\u00e9lder Pestana<\/a><\/figcaption><\/figure>\n<\/div><\/div>\n<\/div>\n\n\n\n<div class=\"wp-block-columns is-layout-flex wp-container-core-columns-is-layout-28f84493 wp-block-columns-is-layout-flex\">\n<div class=\"wp-block-column is-layout-flow wp-block-column-is-layout-flow\"><div class=\"wp-block-image is-style-rounded\">\n<figure class=\"aligncenter size-full is-resized\"><img loading=\"lazy\" decoding=\"async\" width=\"600\" height=\"600\" src=\"https:\/\/lied.ipt.pt\/wp-content\/uploads\/2025\/07\/foto.2dee077535b1a87d757fbee5ea6b9b08.jpg\" alt=\"\" class=\"wp-image-484\" style=\"width:150px\" srcset=\"https:\/\/lied.ipt.pt\/wp-content\/uploads\/2025\/07\/foto.2dee077535b1a87d757fbee5ea6b9b08.jpg 600w, https:\/\/lied.ipt.pt\/wp-content\/uploads\/2025\/07\/foto.2dee077535b1a87d757fbee5ea6b9b08-300x300.jpg 300w, https:\/\/lied.ipt.pt\/wp-content\/uploads\/2025\/07\/foto.2dee077535b1a87d757fbee5ea6b9b08-150x150.jpg 150w\" sizes=\"auto, (max-width: 600px) 100vw, 600px\" \/><figcaption class=\"wp-element-caption\"><a href=\"https:\/\/portal2.ipt.pt\/previewPerfil.php?id=53\">Jo\u00e3o Pereira<\/a><\/figcaption><\/figure>\n<\/div><\/div>\n\n\n\n<div class=\"wp-block-column is-layout-flow wp-block-column-is-layout-flow\"><div class=\"wp-block-image is-style-rounded\">\n<figure class=\"aligncenter size-full is-resized\"><img loading=\"lazy\" decoding=\"async\" width=\"1440\" height=\"1440\" src=\"https:\/\/lied.ipt.pt\/wp-content\/uploads\/2025\/07\/66fd296e0a606_foto_marta.jpg\" alt=\"\" class=\"wp-image-429\" style=\"width:150px\" srcset=\"https:\/\/lied.ipt.pt\/wp-content\/uploads\/2025\/07\/66fd296e0a606_foto_marta.jpg 1440w, https:\/\/lied.ipt.pt\/wp-content\/uploads\/2025\/07\/66fd296e0a606_foto_marta-300x300.jpg 300w, https:\/\/lied.ipt.pt\/wp-content\/uploads\/2025\/07\/66fd296e0a606_foto_marta-1024x1024.jpg 1024w, https:\/\/lied.ipt.pt\/wp-content\/uploads\/2025\/07\/66fd296e0a606_foto_marta-150x150.jpg 150w, https:\/\/lied.ipt.pt\/wp-content\/uploads\/2025\/07\/66fd296e0a606_foto_marta-768x768.jpg 768w\" sizes=\"auto, (max-width: 1440px) 100vw, 1440px\" \/><figcaption class=\"wp-element-caption\"><a href=\"https:\/\/portal2.ipt.pt\/previewPerfil.php?id=26\">Marta Dion\u00edsio<\/a><\/figcaption><\/figure>\n<\/div><\/div>\n\n\n\n<div class=\"wp-block-column is-layout-flow wp-block-column-is-layout-flow\"><div class=\"wp-block-image is-style-rounded\">\n<figure class=\"aligncenter size-full is-resized\"><img loading=\"lazy\" decoding=\"async\" width=\"470\" height=\"470\" src=\"https:\/\/lied.ipt.pt\/wp-content\/uploads\/2025\/07\/66fd0e969a6c4_eu.jpg\" alt=\"\" class=\"wp-image-426\" style=\"width:150px\" srcset=\"https:\/\/lied.ipt.pt\/wp-content\/uploads\/2025\/07\/66fd0e969a6c4_eu.jpg 470w, https:\/\/lied.ipt.pt\/wp-content\/uploads\/2025\/07\/66fd0e969a6c4_eu-300x300.jpg 300w, https:\/\/lied.ipt.pt\/wp-content\/uploads\/2025\/07\/66fd0e969a6c4_eu-150x150.jpg 150w\" sizes=\"auto, (max-width: 470px) 100vw, 470px\" \/><figcaption class=\"wp-element-caption\"><a href=\"https:\/\/portal2.ipt.pt\/previewPerfil.php?id=251\">Paulo Santos<\/a><\/figcaption><\/figure>\n<\/div><\/div>\n<\/div>\n\n\n\n<div style=\"height:60px\" aria-hidden=\"true\" class=\"wp-block-spacer\"><\/div>\n\n\n\n<h5 class=\"wp-block-heading\">Membros colaboradores<\/h5>\n\n\n\n<div class=\"wp-block-columns is-layout-flex wp-container-core-columns-is-layout-28f84493 wp-block-columns-is-layout-flex\">\n<div class=\"wp-block-column is-layout-flow wp-block-column-is-layout-flow\"><div class=\"wp-block-image is-style-rounded\">\n<figure class=\"aligncenter size-full is-resized\"><img loading=\"lazy\" decoding=\"async\" width=\"666\" height=\"666\" src=\"https:\/\/lied.ipt.pt\/wp-content\/uploads\/2025\/07\/65a6acf3bc507_WhatsApp-Image-2024-01-16-at-16.20.11.jpeg\" alt=\"\" class=\"wp-image-427\" style=\"width:150px\" srcset=\"https:\/\/lied.ipt.pt\/wp-content\/uploads\/2025\/07\/65a6acf3bc507_WhatsApp-Image-2024-01-16-at-16.20.11.jpeg 666w, https:\/\/lied.ipt.pt\/wp-content\/uploads\/2025\/07\/65a6acf3bc507_WhatsApp-Image-2024-01-16-at-16.20.11-300x300.jpeg 300w, https:\/\/lied.ipt.pt\/wp-content\/uploads\/2025\/07\/65a6acf3bc507_WhatsApp-Image-2024-01-16-at-16.20.11-150x150.jpeg 150w\" sizes=\"auto, (max-width: 666px) 100vw, 666px\" \/><figcaption class=\"wp-element-caption\"><a href=\"https:\/\/portal2.ipt.pt\/previewPerfil.php?id=1000477\">In\u00eas Ara\u00fajo<\/a><\/figcaption><\/figure>\n<\/div><\/div>\n\n\n\n<div class=\"wp-block-column is-layout-flow wp-block-column-is-layout-flow\"><div class=\"wp-block-image is-style-rounded\">\n<figure class=\"aligncenter size-full is-resized\"><img loading=\"lazy\" decoding=\"async\" width=\"1200\" height=\"1200\" src=\"https:\/\/lied.ipt.pt\/wp-content\/uploads\/2026\/01\/WhatsApp-Image-2026-01-09-at-09.49.43-6-edited.jpeg\" alt=\"\" class=\"wp-image-1152\" style=\"width:150px\" srcset=\"https:\/\/lied.ipt.pt\/wp-content\/uploads\/2026\/01\/WhatsApp-Image-2026-01-09-at-09.49.43-6-edited.jpeg 1200w, https:\/\/lied.ipt.pt\/wp-content\/uploads\/2026\/01\/WhatsApp-Image-2026-01-09-at-09.49.43-6-edited-300x300.jpeg 300w, https:\/\/lied.ipt.pt\/wp-content\/uploads\/2026\/01\/WhatsApp-Image-2026-01-09-at-09.49.43-6-edited-1024x1024.jpeg 1024w, https:\/\/lied.ipt.pt\/wp-content\/uploads\/2026\/01\/WhatsApp-Image-2026-01-09-at-09.49.43-6-edited-150x150.jpeg 150w, https:\/\/lied.ipt.pt\/wp-content\/uploads\/2026\/01\/WhatsApp-Image-2026-01-09-at-09.49.43-6-edited-768x768.jpeg 768w\" sizes=\"auto, (max-width: 1200px) 100vw, 1200px\" \/><figcaption class=\"wp-element-caption\"><a href=\"https:\/\/portal2.ipt.pt\/previewPerfil.php?id=1000713\">Ana Almeida<\/a><\/figcaption><\/figure>\n<\/div><\/div>\n\n\n\n<div class=\"wp-block-column is-layout-flow wp-block-column-is-layout-flow\"><div class=\"wp-block-image is-style-rounded\">\n<figure class=\"aligncenter size-full is-resized\"><img loading=\"lazy\" decoding=\"async\" width=\"1080\" height=\"1080\" src=\"https:\/\/lied.ipt.pt\/wp-content\/uploads\/2025\/07\/sus.jpg\" alt=\"\" class=\"wp-image-430\" style=\"width:150px\" srcset=\"https:\/\/lied.ipt.pt\/wp-content\/uploads\/2025\/07\/sus.jpg 1080w, https:\/\/lied.ipt.pt\/wp-content\/uploads\/2025\/07\/sus-300x300.jpg 300w, https:\/\/lied.ipt.pt\/wp-content\/uploads\/2025\/07\/sus-1024x1024.jpg 1024w, https:\/\/lied.ipt.pt\/wp-content\/uploads\/2025\/07\/sus-150x150.jpg 150w, https:\/\/lied.ipt.pt\/wp-content\/uploads\/2025\/07\/sus-768x768.jpg 768w\" sizes=\"auto, (max-width: 1080px) 100vw, 1080px\" \/><figcaption class=\"wp-element-caption\"><a href=\"https:\/\/portal2.ipt.pt\/previewPerfil.php?id=27\">Susana Domingos<\/a><\/figcaption><\/figure>\n<\/div><\/div>\n<\/div>\n\n\n\n<div class=\"wp-block-columns is-layout-flex wp-container-core-columns-is-layout-28f84493 wp-block-columns-is-layout-flex\">\n<div class=\"wp-block-column is-layout-flow wp-block-column-is-layout-flow\"><div class=\"wp-block-image is-style-rounded\">\n<figure class=\"aligncenter size-full is-resized\"><img loading=\"lazy\" decoding=\"async\" width=\"520\" height=\"520\" src=\"https:\/\/lied.ipt.pt\/wp-content\/uploads\/2025\/07\/foto.f4581eada6122e7908880935277b9f29.jpg\" alt=\"\" class=\"wp-image-486\" style=\"width:150px\" srcset=\"https:\/\/lied.ipt.pt\/wp-content\/uploads\/2025\/07\/foto.f4581eada6122e7908880935277b9f29.jpg 520w, https:\/\/lied.ipt.pt\/wp-content\/uploads\/2025\/07\/foto.f4581eada6122e7908880935277b9f29-300x300.jpg 300w, https:\/\/lied.ipt.pt\/wp-content\/uploads\/2025\/07\/foto.f4581eada6122e7908880935277b9f29-150x150.jpg 150w\" sizes=\"auto, (max-width: 520px) 100vw, 520px\" \/><figcaption class=\"wp-element-caption\"><a href=\"https:\/\/portal2.ipt.pt\/previewPerfil.php?id=39\">Vasco Silva<\/a><\/figcaption><\/figure>\n<\/div><\/div>\n\n\n\n<div class=\"wp-block-column is-layout-flow wp-block-column-is-layout-flow\"><\/div>\n\n\n\n<div class=\"wp-block-column is-layout-flow wp-block-column-is-layout-flow\"><\/div>\n<\/div>\n\n\n\n<div style=\"height:60px\" aria-hidden=\"true\" class=\"wp-block-spacer\"><\/div>\n\n\n\n<h5 class=\"wp-block-heading\">Secretariado<\/h5>\n\n\n\n<div class=\"wp-block-columns is-layout-flex wp-container-core-columns-is-layout-28f84493 wp-block-columns-is-layout-flex\">\n<div class=\"wp-block-column is-layout-flow wp-block-column-is-layout-flow\"><div class=\"wp-block-image is-style-rounded\">\n<figure class=\"aligncenter size-full is-resized\"><img loading=\"lazy\" decoding=\"async\" width=\"903\" height=\"903\" src=\"https:\/\/lied.ipt.pt\/wp-content\/uploads\/2025\/07\/hirondina.jpg\" alt=\"\" class=\"wp-image-482\" style=\"width:150px\" srcset=\"https:\/\/lied.ipt.pt\/wp-content\/uploads\/2025\/07\/hirondina.jpg 903w, https:\/\/lied.ipt.pt\/wp-content\/uploads\/2025\/07\/hirondina-300x300.jpg 300w, https:\/\/lied.ipt.pt\/wp-content\/uploads\/2025\/07\/hirondina-150x150.jpg 150w, https:\/\/lied.ipt.pt\/wp-content\/uploads\/2025\/07\/hirondina-768x768.jpg 768w\" sizes=\"auto, (max-width: 903px) 100vw, 903px\" \/><figcaption class=\"wp-element-caption\"><a href=\"https:\/\/portal2.ipt.pt\/previewPerfil.php?id=553\">Hirondina S\u00e3o Pedro<\/a><\/figcaption><\/figure>\n<\/div><\/div>\n\n\n\n<div class=\"wp-block-column is-layout-flow wp-block-column-is-layout-flow\"><\/div>\n\n\n\n<div class=\"wp-block-column is-layout-flow wp-block-column-is-layout-flow\"><\/div>\n<\/div>\n\n\n\n<p><\/p>\n","protected":false},"excerpt":{"rendered":"<p>A equipa do LIED \u00e9 composta por profissionais com compet\u00eancias diversificadas nas \u00e1reas da educa\u00e7\u00e3o, tecnologia e inova\u00e7\u00e3o pedag\u00f3gica. A sua estrutura organiza-se em diferentes n\u00edveis de responsabilidade e colabora\u00e7\u00e3o, assegurando uma atua\u00e7\u00e3o eficaz e articulada. Diretor Membros Integrados Membros colaboradores Secretariado<\/p>\n","protected":false},"author":2,"featured_media":437,"parent":0,"menu_order":0,"comment_status":"closed","ping_status":"closed","template":"","meta":{"footnotes":""},"class_list":["post-81","page","type-page","status-publish","has-post-thumbnail","hentry"],"_links":{"self":[{"href":"https:\/\/lied.ipt.pt\/index.php\/wp-json\/wp\/v2\/pages\/81","targetHints":{"allow":["GET"]}}],"collection":[{"href":"https:\/\/lied.ipt.pt\/index.php\/wp-json\/wp\/v2\/pages"}],"about":[{"href":"https:\/\/lied.ipt.pt\/index.php\/wp-json\/wp\/v2\/types\/page"}],"author":[{"embeddable":true,"href":"https:\/\/lied.ipt.pt\/index.php\/wp-json\/wp\/v2\/users\/2"}],"replies":[{"embeddable":true,"href":"https:\/\/lied.ipt.pt\/index.php\/wp-json\/wp\/v2\/comments?post=81"}],"version-history":[{"count":27,"href":"https:\/\/lied.ipt.pt\/index.php\/wp-json\/wp\/v2\/pages\/81\/revisions"}],"predecessor-version":[{"id":1153,"href":"https:\/\/lied.ipt.pt\/index.php\/wp-json\/wp\/v2\/pages\/81\/revisions\/1153"}],"wp:featuredmedia":[{"embeddable":true,"href":"https:\/\/lied.ipt.pt\/index.php\/wp-json\/wp\/v2\/media\/437"}],"wp:attachment":[{"href":"https:\/\/lied.ipt.pt\/index.php\/wp-json\/wp\/v2\/media?parent=81"}],"curies":[{"name":"wp","href":"https:\/\/api.w.org\/{rel}","templated":true}]}}