{"id":847,"date":"2025-11-11T15:24:47","date_gmt":"2025-11-11T15:24:47","guid":{"rendered":"https:\/\/lied.ipt.pt\/?page_id=847"},"modified":"2026-01-08T11:12:45","modified_gmt":"2026-01-08T11:12:45","slug":"mooc-en","status":"publish","type":"page","link":"https:\/\/lied.ipt.pt\/index.php\/en\/mooc-en\/","title":{"rendered":"MOOC"},"content":{"rendered":"\n<p>MOOC (<em>Massive Open Online Courses<\/em>) are online courses that offer free and open access to educational and training content for a large number of participants. MOOCs provide an accessible and flexible way to learn new skills, advance in your career, and experience high-quality education on a large scale. They deliver content in digital formats, often interactive, with complete flexibility regarding time and learning pace.<\/p>\n\n\n\n<p>These courses promote the democratization of knowledge and flexibility in learning, being one of LIED.IPT\u2019s key initiatives in the field of distance education.<\/p>\n\n\n\n<figure class=\"wp-block-image size-large\"><img loading=\"lazy\" decoding=\"async\" width=\"1024\" height=\"683\" src=\"https:\/\/lied.ipt.pt\/wp-content\/uploads\/2025\/07\/pexels-julia-m-cameron-4144222-1-1024x683.jpg\" alt=\"\" class=\"wp-image-264\" srcset=\"https:\/\/lied.ipt.pt\/wp-content\/uploads\/2025\/07\/pexels-julia-m-cameron-4144222-1-1024x683.jpg 1024w, https:\/\/lied.ipt.pt\/wp-content\/uploads\/2025\/07\/pexels-julia-m-cameron-4144222-1-300x200.jpg 300w, https:\/\/lied.ipt.pt\/wp-content\/uploads\/2025\/07\/pexels-julia-m-cameron-4144222-1-768x513.jpg 768w, https:\/\/lied.ipt.pt\/wp-content\/uploads\/2025\/07\/pexels-julia-m-cameron-4144222-1-1536x1025.jpg 1536w, https:\/\/lied.ipt.pt\/wp-content\/uploads\/2025\/07\/pexels-julia-m-cameron-4144222-1-2048x1367.jpg 2048w, https:\/\/lied.ipt.pt\/wp-content\/uploads\/2025\/07\/pexels-julia-m-cameron-4144222-1-360x240.jpg 360w\" sizes=\"auto, (max-width: 1024px) 100vw, 1024px\" \/><\/figure>\n\n\n\n<div style=\"height:60px\" aria-hidden=\"true\" class=\"wp-block-spacer\"><\/div>\n\n\n\n<p>Check out the the <a href=\"https:\/\/lied.ipt.pt\/wp-content\/uploads\/2025\/08\/MOOC-brochura_web.pdf\">MOOC brochure<\/a>.<\/p>\n\n\n\n<div style=\"height:60px\" aria-hidden=\"true\" class=\"wp-block-spacer\"><\/div>\n\n\n\n<h5 class=\"wp-block-heading\">Information for teachers<\/h5>\n\n\n\n<p>LIED provides support for the creation of MOOCs by IPT faculty. To submit a proposal, please refer to the following documents:<\/p>\n\n\n\n<ol class=\"wp-block-list\">\n<li>Regulation for MOOC creation (available soon)<\/li>\n\n\n\n<li><a href=\"https:\/\/politecnicotomar.sharepoint.com\/teams\/Comunidade_IPT\/Biblioteca DocSIGQ\/Forms\/AllItems.aspx?id=%2Fteams%2FComunidade%5FIPT%2FBiblioteca%20DocSIGQ%2FProposta%20de%20Oferta%20Formativa%2Epdf&amp;parent=%2Fteams%2FComunidade%5FIPT%2FBiblioteca%20DocSIGQ\">Proposal form for MOOC creation<\/a>\n<ul class=\"wp-block-list\">\n<li><strong>Note:<\/strong> In the training offer form, under the &#8220;Observations&#8221; section, you must indicate: 1) the platform where the MOOC will be hosted (Moodle IPT Platform or NAU Platform); 2) the estimated duration (number of hours); 3) the expected start date.<\/li>\n<\/ul>\n<\/li>\n<\/ol>\n\n\n\n<div style=\"height:60px\" aria-hidden=\"true\" class=\"wp-block-spacer\"><\/div>\n\n\n\n<figure class=\"wp-block-image size-large\"><img loading=\"lazy\" decoding=\"async\" width=\"1024\" height=\"207\" src=\"https:\/\/lied.ipt.pt\/wp-content\/uploads\/2025\/10\/logo_open.ipt_-1536x310-1-1024x207.png\" alt=\"\" class=\"wp-image-788\" srcset=\"https:\/\/lied.ipt.pt\/wp-content\/uploads\/2025\/10\/logo_open.ipt_-1536x310-1-1024x207.png 1024w, https:\/\/lied.ipt.pt\/wp-content\/uploads\/2025\/10\/logo_open.ipt_-1536x310-1-300x61.png 300w, https:\/\/lied.ipt.pt\/wp-content\/uploads\/2025\/10\/logo_open.ipt_-1536x310-1-768x155.png 768w, https:\/\/lied.ipt.pt\/wp-content\/uploads\/2025\/10\/logo_open.ipt_-1536x310-1.png 1536w\" sizes=\"auto, (max-width: 1024px) 100vw, 1024px\" \/><\/figure>\n\n\n\n<div style=\"height:60px\" aria-hidden=\"true\" class=\"wp-block-spacer\"><\/div>\n\n\n\n<p>Discover the <a href=\"https:\/\/open.ipt.pt\/\">Open.IPT<\/a> platform, offering online training programs from the Polytechnic Institute of Tomar. Open access, flexible, and barrier-free.<\/p>\n\n\n\n<div style=\"height:60px\" aria-hidden=\"true\" class=\"wp-block-spacer\"><\/div>\n\n\n\n<h5 class=\"wp-block-heading\">Open for Registration<\/h5>\n\n\n\n<div class=\"wp-block-media-text is-stacked-on-mobile\" style=\"grid-template-columns:35% auto\"><figure class=\"wp-block-media-text__media\"><img loading=\"lazy\" decoding=\"async\" width=\"900\" height=\"510\" src=\"https:\/\/lied.ipt.pt\/wp-content\/uploads\/2025\/09\/interviuouinterveio.jpg__900x510_q85_crop_replace_alpha-FFFFFF_subsampling-2_upscale.jpg\" alt=\"\" class=\"wp-image-672 size-full\" srcset=\"https:\/\/lied.ipt.pt\/wp-content\/uploads\/2025\/09\/interviuouinterveio.jpg__900x510_q85_crop_replace_alpha-FFFFFF_subsampling-2_upscale.jpg 900w, https:\/\/lied.ipt.pt\/wp-content\/uploads\/2025\/09\/interviuouinterveio.jpg__900x510_q85_crop_replace_alpha-FFFFFF_subsampling-2_upscale-300x170.jpg 300w, https:\/\/lied.ipt.pt\/wp-content\/uploads\/2025\/09\/interviuouinterveio.jpg__900x510_q85_crop_replace_alpha-FFFFFF_subsampling-2_upscale-768x435.jpg 768w\" sizes=\"auto, (max-width: 900px) 100vw, 900px\" \/><\/figure><div class=\"wp-block-media-text__content\">\n<p><strong><a href=\"https:\/\/open.ipt.pt\/index.php\/2025\/09\/19\/interviu-ou-interveio-comunicacao-oral-e-escrita-em-portugues\/\">Interviu ou interveio? Comunica\u00e7\u00e3o oral e escrita em portugu\u00eas<\/a><\/strong><\/p>\n\n\n\n<p>Duration: 10 hours | Self-paced | Available until  30\/06\/2026<\/p>\n<\/div><\/div>\n\n\n\n<div style=\"height:60px\" aria-hidden=\"true\" class=\"wp-block-spacer\"><\/div>\n\n\n\n<div class=\"wp-block-media-text is-stacked-on-mobile\" style=\"grid-template-columns:35% auto\"><figure class=\"wp-block-media-text__media\"><img loading=\"lazy\" decoding=\"async\" width=\"900\" height=\"510\" src=\"https:\/\/lied.ipt.pt\/wp-content\/uploads\/2025\/09\/escrita-criativa-1.jpg\" alt=\"\" class=\"wp-image-537 size-full\" srcset=\"https:\/\/lied.ipt.pt\/wp-content\/uploads\/2025\/09\/escrita-criativa-1.jpg 900w, https:\/\/lied.ipt.pt\/wp-content\/uploads\/2025\/09\/escrita-criativa-1-300x170.jpg 300w, https:\/\/lied.ipt.pt\/wp-content\/uploads\/2025\/09\/escrita-criativa-1-768x435.jpg 768w\" sizes=\"auto, (max-width: 900px) 100vw, 900px\" \/><\/figure><div class=\"wp-block-media-text__content\">\n<p><strong><a href=\"https:\/\/open.ipt.pt\/index.php\/2025\/09\/19\/tecnicas-de-escrita-criativa\/\">T\u00e9cnicas de Escrita Criativa<\/a><\/strong><\/p>\n\n\n\n<p>Duration: 25 horas | Self-paced | Available until 30\/06\/2026<\/p>\n<\/div><\/div>\n\n\n\n<div style=\"height:60px\" aria-hidden=\"true\" class=\"wp-block-spacer\"><\/div>\n\n\n\n<div class=\"wp-block-media-text is-stacked-on-mobile\" style=\"grid-template-columns:35% auto\"><figure class=\"wp-block-media-text__media\"><img loading=\"lazy\" decoding=\"async\" width=\"900\" height=\"510\" src=\"https:\/\/lied.ipt.pt\/wp-content\/uploads\/2025\/07\/competencias.jpg\" alt=\"\" class=\"wp-image-268 size-full\" srcset=\"https:\/\/lied.ipt.pt\/wp-content\/uploads\/2025\/07\/competencias.jpg 900w, https:\/\/lied.ipt.pt\/wp-content\/uploads\/2025\/07\/competencias-300x170.jpg 300w, https:\/\/lied.ipt.pt\/wp-content\/uploads\/2025\/07\/competencias-768x435.jpg 768w\" sizes=\"auto, (max-width: 900px) 100vw, 900px\" \/><\/figure><div class=\"wp-block-media-text__content\">\n<p><strong><a href=\"https:\/\/open.ipt.pt\/index.php\/2025\/09\/02\/competencias-do-sec-xxi-para-as-proximas-geracoes-2\/\">Compet\u00eancias do s\u00e9c. XXI para as pr\u00f3ximas gera\u00e7\u00f5es<\/a><\/strong><\/p>\n\n\n\n<p>Duration: 5 horas | Self-paced | Available until  20\/01\/2026<\/p>\n<\/div><\/div>\n\n\n\n<div style=\"height:60px\" aria-hidden=\"true\" class=\"wp-block-spacer\"><\/div>\n\n\n\n<div class=\"wp-block-media-text is-stacked-on-mobile\" style=\"grid-template-columns:35% auto\"><figure class=\"wp-block-media-text__media\"><img loading=\"lazy\" decoding=\"async\" width=\"800\" height=\"457\" src=\"https:\/\/lied.ipt.pt\/wp-content\/uploads\/2025\/07\/desenvolvimento-sustentavel-turismo.jpg\" alt=\"\" class=\"wp-image-272 size-full\" srcset=\"https:\/\/lied.ipt.pt\/wp-content\/uploads\/2025\/07\/desenvolvimento-sustentavel-turismo.jpg 800w, https:\/\/lied.ipt.pt\/wp-content\/uploads\/2025\/07\/desenvolvimento-sustentavel-turismo-300x171.jpg 300w, https:\/\/lied.ipt.pt\/wp-content\/uploads\/2025\/07\/desenvolvimento-sustentavel-turismo-768x439.jpg 768w\" sizes=\"auto, (max-width: 800px) 100vw, 800px\" \/><\/figure><div class=\"wp-block-media-text__content\">\n<p><strong><a href=\"https:\/\/open.ipt.pt\/index.php\/2025\/09\/02\/desenvolvimento-sustentavel-em-turismo\/\">Desenvolvimento sustent\u00e1vel em Turismo<\/a><\/strong><\/p>\n\n\n\n<p>Duration: 25 horas | Self-paced | Available until 29\/01\/2026<\/p>\n<\/div><\/div>\n\n\n\n<div style=\"height:60px\" aria-hidden=\"true\" class=\"wp-block-spacer\"><\/div>\n\n\n\n<div style=\"height:60px\" aria-hidden=\"true\" class=\"wp-block-spacer\"><\/div>\n\n\n\n<p><\/p>\n","protected":false},"excerpt":{"rendered":"<p>MOOC (Massive Open Online Courses) are online courses that offer free and open access to educational and training content for a large number of participants. MOOCs provide an accessible and flexible way to learn new skills, advance in your career, and experience high-quality education on a large scale. They deliver [&hellip;]<\/p>\n","protected":false},"author":2,"featured_media":262,"parent":0,"menu_order":0,"comment_status":"closed","ping_status":"closed","template":"","meta":{"footnotes":""},"class_list":["post-847","page","type-page","status-publish","has-post-thumbnail","hentry"],"_links":{"self":[{"href":"https:\/\/lied.ipt.pt\/index.php\/wp-json\/wp\/v2\/pages\/847","targetHints":{"allow":["GET"]}}],"collection":[{"href":"https:\/\/lied.ipt.pt\/index.php\/wp-json\/wp\/v2\/pages"}],"about":[{"href":"https:\/\/lied.ipt.pt\/index.php\/wp-json\/wp\/v2\/types\/page"}],"author":[{"embeddable":true,"href":"https:\/\/lied.ipt.pt\/index.php\/wp-json\/wp\/v2\/users\/2"}],"replies":[{"embeddable":true,"href":"https:\/\/lied.ipt.pt\/index.php\/wp-json\/wp\/v2\/comments?post=847"}],"version-history":[{"count":3,"href":"https:\/\/lied.ipt.pt\/index.php\/wp-json\/wp\/v2\/pages\/847\/revisions"}],"predecessor-version":[{"id":1058,"href":"https:\/\/lied.ipt.pt\/index.php\/wp-json\/wp\/v2\/pages\/847\/revisions\/1058"}],"wp:featuredmedia":[{"embeddable":true,"href":"https:\/\/lied.ipt.pt\/index.php\/wp-json\/wp\/v2\/media\/262"}],"wp:attachment":[{"href":"https:\/\/lied.ipt.pt\/index.php\/wp-json\/wp\/v2\/media?parent=847"}],"curies":[{"name":"wp","href":"https:\/\/api.w.org\/{rel}","templated":true}]}}